{"id":11869,"date":"2026-02-17T10:39:43","date_gmt":"2026-02-17T09:39:43","guid":{"rendered":"https:\/\/limessecurity.ninja\/?page_id=11869"},"modified":"2026-03-18T16:35:46","modified_gmt":"2026-03-18T15:35:46","slug":"coste-questionnaire","status":"publish","type":"page","link":"https:\/\/limessecurity.com\/de\/academy\/coste-questionnaire\/","title":{"rendered":"COSTE-Questionnaire"},"content":{"rendered":"[vc_row type=&#8220;full_width_background&#8220; full_screen_row_position=&#8220;middle&#8220; column_margin=&#8220;default&#8220; equal_height=&#8220;yes&#8220; content_placement=&#8220;middle&#8220; column_direction=&#8220;default&#8220; column_direction_tablet=&#8220;default&#8220; column_direction_phone=&#8220;default&#8220; scene_position=&#8220;center&#8220; bottom_padding=&#8220;5%&#8220; text_color=&#8220;dark&#8220; text_align=&#8220;left&#8220; row_border_radius=&#8220;none&#8220; row_border_radius_applies=&#8220;bg&#8220; row_position_desktop=&#8220;default&#8220; row_position_tablet=&#8220;inherit&#8220; row_position_phone=&#8220;inherit&#8220; overflow=&#8220;visible&#8220; overlay_strength=&#8220;0.3&#8243; gradient_direction=&#8220;left_to_right&#8220; shape_divider_position=&#8220;bottom&#8220; bg_image_animation=&#8220;none&#8220; gradient_type=&#8220;default&#8220; shape_type=&#8220;&#8220;][vc_column column_padding=&#8220;padding-3-percent&#8220; column_padding_tablet=&#8220;inherit&#8220; column_padding_phone=&#8220;inherit&#8220; column_padding_position=&#8220;all&#8220; flex_gap_desktop=&#8220;10px&#8220; column_element_direction_desktop=&#8220;default&#8220; column_element_spacing=&#8220;default&#8220; desktop_text_alignment=&#8220;default&#8220; tablet_text_alignment=&#8220;default&#8220; phone_text_alignment=&#8220;default&#8220; background_color_opacity=&#8220;1&#8243; background_hover_color_opacity=&#8220;1&#8243; column_backdrop_filter=&#8220;none&#8220; column_shadow=&#8220;none&#8220; column_border_radius=&#8220;none&#8220; column_link_target=&#8220;_self&#8220; column_position=&#8220;default&#8220; gradient_direction=&#8220;left_to_right&#8220; overlay_strength=&#8220;0.3&#8243; width=&#8220;2\/3&#8243; tablet_width_inherit=&#8220;default&#8220; animation_type=&#8220;default&#8220; bg_image_animation=&#8220;none&#8220; border_type=&#8220;simple&#8220; column_border_width=&#8220;none&#8220; column_border_style=&#8220;solid&#8220; column_padding_type=&#8220;default&#8220; gradient_type=&#8220;default&#8220;][vc_row_inner column_margin=&#8220;default&#8220; column_direction=&#8220;default&#8220; column_direction_tablet=&#8220;default&#8220; column_direction_phone=&#8220;default&#8220; text_align=&#8220;left&#8220; row_position=&#8220;default&#8220; row_position_tablet=&#8220;inherit&#8220; row_position_phone=&#8220;inherit&#8220; overflow=&#8220;visible&#8220; pointer_events=&#8220;all&#8220;][vc_column_inner column_padding=&#8220;no-extra-padding&#8220; column_padding_tablet=&#8220;inherit&#8220; column_padding_phone=&#8220;inherit&#8220; column_padding_position=&#8220;all&#8220; flex_gap_desktop=&#8220;10px&#8220; column_element_direction_desktop=&#8220;default&#8220; column_element_spacing=&#8220;default&#8220; desktop_text_alignment=&#8220;default&#8220; tablet_text_alignment=&#8220;default&#8220; phone_text_alignment=&#8220;default&#8220; background_color_opacity=&#8220;1&#8243; background_hover_color_opacity=&#8220;1&#8243; column_backdrop_filter=&#8220;none&#8220; column_shadow=&#8220;none&#8220; column_border_radius=&#8220;none&#8220; column_link_target=&#8220;_self&#8220; overflow=&#8220;visible&#8220; gradient_direction=&#8220;left_to_right&#8220; overlay_strength=&#8220;0.3&#8243; width=&#8220;1\/1&#8243; tablet_width_inherit=&#8220;default&#8220; animation_type=&#8220;default&#8220; bg_image_animation=&#8220;none&#8220; border_type=&#8220;simple&#8220; column_border_width=&#8220;none&#8220; column_border_style=&#8220;solid&#8220;][nectar_badge display_tag=&#8220;body&#8220; badge_style=&#8220;default&#8220; bg_color_type=&#8220;global&#8220; color=&#8220;extra-color-1&#8243; text_color=&#8220;#ffffff&#8220; padding=&#8220;small&#8220; border_radius=&#8220;0px&#8220; display=&#8220;block&#8220; text=&#8220;Selbsteinsch\u00e4tzung&#8220;][vc_column_text css_animation=&#8220;none&#8220; css=&#8220;&#8220; text_direction=&#8220;default&#8220;]\n<h1>Technical Expert Training<\/h1>\n[\/vc_column_text][\/vc_column_inner][\/vc_row_inner][nectar_cta btn_style=&#8220;arrow-animation&#8220; heading_tag=&#8220;span&#8220; link_type=&#8220;regular&#8220; button_color=&#8220;default&#8220; text_color=&#8220;#CD1719&#8243; button_border_thickness=&#8220;0px&#8220; alignment=&#8220;left&#8220; alignment_tablet=&#8220;default&#8220; alignment_phone=&#8220;default&#8220; display=&#8220;block&#8220; display_tablet=&#8220;inherit&#8220; display_phone=&#8220;inherit&#8220; link_text=&#8220;Trainingsdetails ICS.211 Certified OT Security Technical Expert&#8220; url=&#8220;https:\/\/limessecurity.com\/de\/academy\/ics-211\/&#8220;][vc_row_inner column_margin=&#8220;default&#8220; column_direction=&#8220;default&#8220; column_direction_tablet=&#8220;default&#8220; column_direction_phone=&#8220;default&#8220; text_align=&#8220;left&#8220; row_position=&#8220;default&#8220; row_position_tablet=&#8220;inherit&#8220; row_position_phone=&#8220;inherit&#8220; overflow=&#8220;visible&#8220; pointer_events=&#8220;all&#8220;][vc_column_inner column_padding=&#8220;no-extra-padding&#8220; column_padding_tablet=&#8220;inherit&#8220; column_padding_phone=&#8220;inherit&#8220; column_padding_position=&#8220;all&#8220; flex_gap_desktop=&#8220;10px&#8220; column_element_direction_desktop=&#8220;default&#8220; column_element_spacing=&#8220;default&#8220; desktop_text_alignment=&#8220;default&#8220; tablet_text_alignment=&#8220;default&#8220; phone_text_alignment=&#8220;default&#8220; background_color_opacity=&#8220;1&#8243; background_hover_color_opacity=&#8220;1&#8243; column_backdrop_filter=&#8220;none&#8220; column_shadow=&#8220;none&#8220; column_border_radius=&#8220;none&#8220; column_link_target=&#8220;_self&#8220; overflow=&#8220;visible&#8220; gradient_direction=&#8220;left_to_right&#8220; overlay_strength=&#8220;0.3&#8243; width=&#8220;1\/1&#8243; tablet_width_inherit=&#8220;default&#8220; animation_type=&#8220;default&#8220; bg_image_animation=&#8220;none&#8220; border_type=&#8220;simple&#8220; column_border_width=&#8220;none&#8220; column_border_style=&#8220;solid&#8220;][vc_column_text css=&#8220;&#8220; text_direction=&#8220;default&#8220;]Unser Self-Assessment Questionnaire gibt Ihnen eine erste Einsch\u00e4tzung, ob Sie f\u00fcr das\u00a0 OT-Security Technical Expert Training geeignet sind. F\u00fcr die Anmeldung an den weiterf\u00fchrenden Trainings ben\u00f6tigen wir, unabh\u00e4ngig vom Ergebnis des Questionnaires, einen Nachweis Ihrer Erfahrungen und Ausbildungen im OT-Security Bereich. Basierend auf den von Ihnen gebrachten Nachweisen wird entschieden, ob Sie direkt im weiterf\u00fchrendem Kurs einsteigen.[\/vc_column_text][\/vc_column_inner][\/vc_row_inner][\/vc_column][vc_column column_padding=&#8220;no-extra-padding&#8220; column_padding_tablet=&#8220;inherit&#8220; column_padding_phone=&#8220;inherit&#8220; column_padding_position=&#8220;all&#8220; flex_gap_desktop=&#8220;10px&#8220; column_element_direction_desktop=&#8220;default&#8220; column_element_spacing=&#8220;default&#8220; desktop_text_alignment=&#8220;default&#8220; tablet_text_alignment=&#8220;default&#8220; phone_text_alignment=&#8220;default&#8220; background_color_opacity=&#8220;1&#8243; background_hover_color_opacity=&#8220;1&#8243; column_backdrop_filter=&#8220;none&#8220; column_shadow=&#8220;none&#8220; column_border_radius=&#8220;none&#8220; column_link_target=&#8220;_self&#8220; column_position=&#8220;default&#8220; gradient_direction=&#8220;left_to_right&#8220; overlay_strength=&#8220;0.3&#8243; width=&#8220;1\/3&#8243; tablet_width_inherit=&#8220;default&#8220; animation_type=&#8220;default&#8220; bg_image_animation=&#8220;none&#8220; border_type=&#8220;simple&#8220; column_border_width=&#8220;none&#8220; column_border_style=&#8220;solid&#8220;][fancy_box box_style=&#8220;parallax_hover&#8220; icon_family=&#8220;none&#8220; image_url=&#8220;11959&#8243; parallax_hover_box_alignment=&#8220;middle&#8220; parallax_hover_box_overlay_opacity=&#8220;0&#8243; parallax_hover_box_overlay_opacity_hover=&#8220;0&#8243; border_radius=&#8220;10px&#8220; image_loading=&#8220;skip-lazy-load&#8220; image_size=&#8220;&#8222;square&#8222;, &#8222;small&#8222;&#8220;][\/fancy_box][nectar_cta btn_style=&#8220;basic&#8220; heading_tag=&#8220;span&#8220; link_type=&#8220;regular&#8220; button_color=&#8220;accent-color&#8220; text_color=&#8220;#FFFFFF&#8220; button_border_thickness=&#8220;0px&#8220; alignment=&#8220;left&#8220; alignment_tablet=&#8220;default&#8220; alignment_phone=&#8220;default&#8220; constrain_group_4=&#8220;yes&#8220; display=&#8220;block&#8220; display_tablet=&#8220;inherit&#8220; display_phone=&#8220;inherit&#8220; icon_family=&#8220;none&#8220; link_text=&#8220;gesamtes Trainingsangebot entdecken&#8220; url=&#8220;https:\/\/limessecurity.com\/de\/academy\/trainings&#8220; margin_top=&#8220;30&#8243; padding_top=&#8220;20&#8243; padding_bottom=&#8220;20&#8243; padding_left=&#8220;40&#8243; padding_right=&#8220;40&#8243;][\/vc_column][\/vc_row][vc_row type=&#8220;full_width_background&#8220; full_screen_row_position=&#8220;middle&#8220; column_margin=&#8220;default&#8220; column_direction=&#8220;default&#8220; column_direction_tablet=&#8220;default&#8220; column_direction_phone=&#8220;default&#8220; bg_color=&#8220;#efefef&#8220; scene_position=&#8220;center&#8220; text_color=&#8220;dark&#8220; text_align=&#8220;left&#8220; row_border_radius=&#8220;none&#8220; row_border_radius_applies=&#8220;bg&#8220; row_position_desktop=&#8220;default&#8220; row_position_tablet=&#8220;inherit&#8220; row_position_phone=&#8220;inherit&#8220; overflow=&#8220;visible&#8220; overlay_strength=&#8220;0.3&#8243; gradient_direction=&#8220;left_to_right&#8220; shape_divider_position=&#8220;bottom&#8220; bg_image_animation=&#8220;none&#8220; gradient_type=&#8220;default&#8220; shape_type=&#8220;&#8220;][vc_column column_padding=&#8220;no-extra-padding&#8220; column_padding_tablet=&#8220;inherit&#8220; column_padding_phone=&#8220;inherit&#8220; column_padding_position=&#8220;all&#8220; flex_gap_desktop=&#8220;10px&#8220; column_element_direction_desktop=&#8220;default&#8220; column_element_spacing=&#8220;default&#8220; desktop_text_alignment=&#8220;default&#8220; tablet_text_alignment=&#8220;default&#8220; phone_text_alignment=&#8220;default&#8220; background_color_opacity=&#8220;1&#8243; background_hover_color_opacity=&#8220;1&#8243; column_backdrop_filter=&#8220;none&#8220; column_shadow=&#8220;none&#8220; column_border_radius=&#8220;none&#8220; column_link_target=&#8220;_self&#8220; column_position=&#8220;default&#8220; gradient_direction=&#8220;left_to_right&#8220; overlay_strength=&#8220;0.3&#8243; width=&#8220;1\/1&#8243; tablet_width_inherit=&#8220;default&#8220; animation_type=&#8220;default&#8220; bg_image_animation=&#8220;none&#8220; border_type=&#8220;simple&#8220; column_border_width=&#8220;none&#8220; column_border_style=&#8220;solid&#8220;][vc_column_text css=&#8220;&#8220; text_direction=&#8220;default&#8220;]<style>\n    .ff_conv_app_8 { background-color: #EFEFEF; }.ff_conv_app_8 .ffc-counter-div span { color: #000000; }.ff_conv_app_8 .ffc-counter-div .counter-icon-span svg { fill: #000000 !important; }.ff_conv_app_8 .f-label-wrap, .ff_conv_app_8 .f-answer { color: #000000 !important; }.ff_conv_app_8 .f-label-wrap .f-key { border-color: #000000 !important; }.ff_conv_app_8 .f-label-wrap .f-key-hint { border-color: #000000 !important; }.ff_conv_app_8 .f-answer .f-radios-wrap ul li { background-color: rgba(0,0,0, 0.1) !important; border: 1px solid #000000; }.ff_conv_app_8 .f-answer .f-radios-wrap ul li:focus { background-color: rgba(0,0,0, 0.3) !important }.ff_conv_app_8 .f-answer .f-radios-wrap ul li:hover { background-color: rgba(0,0,0, 0.3) !important }.ff_conv_app_8 .f-answer .f-radios-wrap ul li.f-selected .f-key { background-color: #000000 !important; color: white; }.ff_conv_app_8 .f-answer .f-radios-wrap ul li.f-selected .f-key-hint { background-color: #000000; }.ff_conv_app_8 .f-answer .f-radios-wrap ul li.f-selected svg { fill: #000000 !important; }.ff_conv_app_8 .f-answer input, .ff_conv_app_8 .f-answer textarea{ color: #000000 !important; box-shadow: #000000 0px 1px; }.ff_conv_app_8 .f-answer input:focus, .ff_conv_app_8 .f-answer textarea:focus { box-shadow: #000000 0px 2px !important; }.ff_conv_app_8 .f-answer textarea::placeholder, .ff_conv_app_8 .f-answer input::placeholder { color: #000000 !important; }.ff_conv_app_8 .text-success { color: #000000 !important; }.ff_conv_app_8 .f-answer .f-matrix-table tbody td { background-color: rgba(0,0,0, 0.1); }.ff_conv_app_8 .f-answer .f-matrix-table input { border-color: rgba(0,0,0, 0.8); }.ff_conv_app_8 .f-answer .f-matrix-table input.f-radio-control:checked::after { background-color: #000000; }.ff_conv_app_8 .f-answer .f-matrix-table input:focus::before { border-color: #000000; }.ff_conv_app_8 .f-answer .f-matrix-table input.f-checkbox-control:checked { background-color: #000000; }.ff_conv_app_8 .f-answer .f-matrix-table tbody tr::after { border-right-color: #000000; }.ff_conv_app_8 .f-answer .f-matrix-table .f-table-cell.f-row-cell { box-shadow: rgba(0,0,0, 0.1) 0px 0px 0px 100vh inset; }.ff_conv_app_8 .f-answer .ff_file_upload_field_wrap { background-color: rgba(0,0,0, 0.1); border-color: rgba(0,0,0, 0.8); }.ff_conv_app_8 .f-answer .ff_file_upload_field_wrap:hover { background-color: rgba(0,0,0, 0.3);}.ff_conv_app_8 .f-answer .ff_file_upload_field_wrap:focus-within { background-color: rgba(0,0,0, 0.3); }.ff_conv_app_8 .f-answer .ff-upload-preview { border-color: rgba(0,0,0, 0.8); }.ff_conv_app_8 .f-answer .ff-upload-preview .ff-upload-thumb { background-color: rgba(0,0,0, 0.3); }.ff_conv_app_8 .f-answer .ff-upload-preview .ff-upload-details { border-left-color: rgba(0,0,0, 0.8); }.ff_conv_app_8 .f-answer .ff-upload-preview .ff-upload-details .ff-el-progress { border-left-color: rgba(0,0,0, 0.8); }.ff_conv_app_8 .f-answer .ff-upload-preview .ff-upload-details .ff-el-progress { background-color: rgba(0,0,0, 0.1); }.ff_conv_app_8 .f-answer .ff-upload-preview .ff-upload-details .ff-el-progress .ff-el-progress-bar { background-color: #000000; }.ff_conv_app_8 .f-answer .f-star-wrap .f-star-field-wrap::before { background-color: #000000; }.ff_conv_app_8 .f-answer .f-star-wrap .f-star-field-wrap .f-star-field .f-star-field-star .symbolOutline { fill: #000000; }.ff_conv_app_8 .f-answer .f-star-wrap .f-star-field-wrap .f-star-field .f-star-field-rating { color: #000000; }.ff_conv_app_8 .f-answer .f-star-wrap .f-star-field-wrap.is-hovered .symbolFill { fill: rgba(0,0,0, 0.1); }.ff_conv_app_8 .f-answer .f-star-wrap .f-star-field-wrap.is-selected .symbolFill { fill: #000000; }.ff_conv_app_8 .f-answer .f-payment-summary-wrap tbody td { background-color: rgba(0,0,0, 0.1); }.ff_conv_app_8 .f-answer .f-payment-summary-wrap tfoot th { background-color: rgba(0,0,0, 0.1); }.ff_conv_app_8 .f-answer .stripe-inline-holder { border-bottom: 1px solid #000000; }.ff_conv_app_8 .f-answer .StripeElement--focus { border-bottom: 2.5px solid #000000; }.ff_conv_app_8 .ff_conv_input .f-info { color: #000000; }.ff_conv_app_8 .f-answer .el-slider__runway {background-color: #000000;}.ff_conv_app_8 .fh2 .f-text { color: #000000; }.ff_conv_app_8 .fh2 .f-tagline, .ff_conv_app_8 .f-sub .f-help { color: rgba(0,0,0, 0.70); }.ff_conv_app_8 .fh2 .stripe-inline-header { color: #000000; }.ff_conv_app_8 .q-inner .o-btn-action, .ff_conv_app_8 .footer-inner-wrap .f-nav { background-color: #CD1719; }.ff_conv_app_8 .q-inner .o-btn-action span, .ff_conv_app_8 .footer-inner-wrap .f-nav a { color: #FFFFFF; } .ff_conv_app_8 .f-enter .f-enter-desc { color: #CD1719; }.ff_conv_app_8 .footer-inner-wrap .f-nav a svg { fill: #FFFFFF; }.ff_conv_app_8 .vff-footer .f-progress-bar { background-color: rgba(205,23,25, 0.3); }.ff_conv_app_8 .vff-footer .f-progress-bar-inner { background-color: #CD1719; }.ff_conv_app_8 .q-inner .o-btn-action:hover { background-color: #CD1719D6; }.ff_conv_app_8 .q-inner .o-btn-action:focus::after { border-radius: 6px; inset: -3px; box-shadow: #CD1719 0px 0px 0px 2px; }.ff_conv_app_8 .f-answer .f-radios-wrap ul li.f-selected .f-key { color: #EFEFEF; }.ff_conv_app_8 .footer-inner-wrap .f-nav a.ffc_power { display: none !important; } .ff-btn-submit { background-color: #1a7efb; color: #ffffff; }\r\n.quiz-score-heading {\r\n  text-align: center;\r\n   font-size: 1.8em;\r\n   color:white;\r\n\r\n  margin-bottom: 5em;\r\n}\r\n\r\n.quiz-thankyou-text {\r\n  text-align: center;\r\n  font-size: 1 em;\r\n  line-height: 1.6;\r\n  margin-bottom: 2em;\r\n}\r\n\r\n.quiz-answers {\r\n  text-align: left;\r\n  font-size: 0.95em !important;\r\n  line-height: 1.5;\r\n  padding: 1em;\r\n  margin-bottom: 1em;\r\n}\r\n\r\n\r\n\r\n.table.ff_quiz_result_table td {\r\n  color: #123043;\r\n}\r\n\r\n.table.ff_quiz_result_table svg,\r\n.table.ff_quiz_result_table svg * {\r\n  stroke: #1a7efb !important; \/* verhindert ungewollte Verf\u00e4rbung des SVG *\/\r\n  color: inherit; \/* stellt sicher, dass keine Textfarbe aufs SVG wirkt *\/\r\n}\r\n\r\n#ffc_app_instance_1 > div > div > div.f-container > div > div.vff-animate.q-form.f-fade-in-up.q_form_layout_default.field-welcomescreen > div > div > div > div > div.ffc_q_header > h4 {\r\n font-size: 1.8em;\r\n font-weight: 600;\r\n }\r\n\r\n\r\n  <\/style>\n<div class=\"ffc_conv_wrapper ffc_inline_form\">\n    <div class=\"frm-fluent-form ff_conv_app fluent_form_8 ff_conv_app_frame ff_conv_app_8 ffc_media_hide_mob_yes\" data-form_id=\"8\">\n        <div data-var_name=\"fluent_forms_global_var_1\" class=\"ffc_conv_form\" style=\"width: 100%\" id=\"ffc_app_instance_1\"><\/div>\n    <\/div>\n<\/div>\n[\/vc_column_text][\/vc_column][\/vc_row][vc_row type=&#8220;in_container&#8220; full_screen_row_position=&#8220;middle&#8220; column_margin=&#8220;default&#8220; column_direction=&#8220;default&#8220; column_direction_tablet=&#8220;default&#8220; column_direction_phone=&#8220;default&#8220; scene_position=&#8220;center&#8220; text_color=&#8220;dark&#8220; text_align=&#8220;left&#8220; row_border_radius=&#8220;none&#8220; row_border_radius_applies=&#8220;bg&#8220; row_position_desktop=&#8220;default&#8220; row_position_tablet=&#8220;inherit&#8220; row_position_phone=&#8220;inherit&#8220; overflow=&#8220;visible&#8220; overlay_strength=&#8220;0.3&#8243; gradient_direction=&#8220;left_to_right&#8220; shape_divider_position=&#8220;bottom&#8220; bg_image_animation=&#8220;none&#8220;][vc_column column_padding=&#8220;no-extra-padding&#8220; column_padding_tablet=&#8220;inherit&#8220; column_padding_phone=&#8220;inherit&#8220; column_padding_position=&#8220;all&#8220; flex_gap_desktop=&#8220;10px&#8220; column_element_direction_desktop=&#8220;default&#8220; column_element_spacing=&#8220;default&#8220; desktop_text_alignment=&#8220;default&#8220; tablet_text_alignment=&#8220;default&#8220; phone_text_alignment=&#8220;default&#8220; background_color_opacity=&#8220;1&#8243; background_hover_color_opacity=&#8220;1&#8243; column_backdrop_filter=&#8220;none&#8220; column_shadow=&#8220;none&#8220; column_border_radius=&#8220;none&#8220; column_link_target=&#8220;_self&#8220; column_position=&#8220;default&#8220; gradient_direction=&#8220;left_to_right&#8220; overlay_strength=&#8220;0.3&#8243; width=&#8220;1\/1&#8243; tablet_width_inherit=&#8220;default&#8220; animation_type=&#8220;default&#8220; bg_image_animation=&#8220;none&#8220; border_type=&#8220;simple&#8220; column_border_width=&#8220;none&#8220; column_border_style=&#8220;solid&#8220;][nectar_global_section id=&#8220;9420&#8243;][\/vc_column][\/vc_row]\n","protected":false},"excerpt":{"rendered":"<p>[vc_row type=&#8220;full_width_background&#8220; full_screen_row_position=&#8220;middle&#8220; column_margin=&#8220;default&#8220; equal_height=&#8220;yes&#8220; content_placement=&#8220;middle&#8220; column_direction=&#8220;default&#8220; column_direction_tablet=&#8220;default&#8220; column_direction_phone=&#8220;default&#8220; scene_position=&#8220;center&#8220; bottom_padding=&#8220;5%&#8220; text_color=&#8220;dark&#8220; text_align=&#8220;left&#8220; row_border_radius=&#8220;none&#8220; row_border_radius_applies=&#8220;bg&#8220; row_position_desktop=&#8220;default&#8220; row_position_tablet=&#8220;inherit&#8220; row_position_phone=&#8220;inherit&#8220; overflow=&#8220;visible&#8220; overlay_strength=&#8220;0.3&#8243; gradient_direction=&#8220;left_to_right&#8220; shape_divider_position=&#8220;bottom&#8220; bg_image_animation=&#8220;none&#8220; gradient_type=&#8220;default&#8220; shape_type=&#8220;&#8220;][vc_column column_padding=&#8220;padding-3-percent&#8220; column_padding_tablet=&#8220;inherit&#8220; column_padding_phone=&#8220;inherit&#8220; column_padding_position=&#8220;all&#8220; flex_gap_desktop=&#8220;10px&#8220;&#8230;<\/p>\n","protected":false},"author":2,"featured_media":0,"parent":20,"menu_order":0,"comment_status":"closed","ping_status":"closed","template":"","meta":{"footnotes":""},"class_list":["post-11869","page","type-page","status-publish"],"_links":{"self":[{"href":"https:\/\/limessecurity.com\/de\/wp-json\/wp\/v2\/pages\/11869","targetHints":{"allow":["GET"]}}],"collection":[{"href":"https:\/\/limessecurity.com\/de\/wp-json\/wp\/v2\/pages"}],"about":[{"href":"https:\/\/limessecurity.com\/de\/wp-json\/wp\/v2\/types\/page"}],"author":[{"embeddable":true,"href":"https:\/\/limessecurity.com\/de\/wp-json\/wp\/v2\/users\/2"}],"replies":[{"embeddable":true,"href":"https:\/\/limessecurity.com\/de\/wp-json\/wp\/v2\/comments?post=11869"}],"version-history":[{"count":1,"href":"https:\/\/limessecurity.com\/de\/wp-json\/wp\/v2\/pages\/11869\/revisions"}],"predecessor-version":[{"id":16799,"href":"https:\/\/limessecurity.com\/de\/wp-json\/wp\/v2\/pages\/11869\/revisions\/16799"}],"up":[{"embeddable":true,"href":"https:\/\/limessecurity.com\/de\/wp-json\/wp\/v2\/pages\/20"}],"wp:attachment":[{"href":"https:\/\/limessecurity.com\/de\/wp-json\/wp\/v2\/media?parent=11869"}],"curies":[{"name":"wp","href":"https:\/\/api.w.org\/{rel}","templated":true}]}}